{"id":17044,"date":"2026-05-10T02:04:50","date_gmt":"2026-05-10T01:04:50","guid":{"rendered":"https:\/\/moda.cositascostura.com\/ccwork\/tienda\/sin categor\u00eda\/sudadera-cuello-redondo-ninos-13\/"},"modified":"2026-05-10T02:04:50","modified_gmt":"2026-05-10T01:04:50","slug":"sudadera-cuello-redondo-ninos-13","status":"publish","type":"product","link":"https:\/\/moda.cositascostura.com\/ccwork\/tienda\/sweats-sudadera-cuello-redondo\/sudadera-cuello-redondo-ninos-13\/","title":{"rendered":"Sudadera cuello redondo ni\u00f1os"},"content":{"rendered":"<p>80% algod\u00f3n peinado Ring-spun \/20% poli\u00e9ster. Cuello, pu\u00f1os y bajo de la prenda en canal\u00e9 1&#215;1 y elast\u00e1n. Costuras laterales. Corte moderno. <\/p>\n","protected":false},"excerpt":{"rendered":"<p>80% algod\u00f3n peinado Ring-spun \/20% poli\u00e9ster. Cuello, pu\u00f1os y bajo de la prenda en canal\u00e9 1&#215;1 y elast\u00e1n. Costuras laterales. [&hellip;]<\/p>\n","protected":false},"featured_media":0,"comment_status":"open","ping_status":"closed","template":"","meta":{"site-sidebar-layout":"default","site-content-layout":"","ast-site-content-layout":"default","site-content-style":"default","site-sidebar-style":"default","ast-global-header-display":"","ast-banner-title-visibility":"","ast-main-header-display":"","ast-hfb-above-header-display":"","ast-hfb-below-header-display":"","ast-hfb-mobile-header-display":"","site-post-title":"","ast-breadcrumbs-content":"","ast-featured-img":"","footer-sml-layout":"","ast-disable-related-posts":"","theme-transparent-header-meta":"","adv-header-id-meta":"","stick-header-meta":"","header-above-stick-meta":"","header-main-stick-meta":"","header-below-stick-meta":"","astra-migrate-meta-layouts":"default","ast-page-background-enabled":"default","ast-page-background-meta":{"desktop":{"background-color":"var(--ast-global-color-5)","background-image":"","background-repeat":"repeat","background-position":"center center","background-size":"auto","background-attachment":"scroll","background-type":"","background-media":"","overlay-type":"","overlay-color":"","overlay-opacity":"","overlay-gradient":""},"tablet":{"background-color":"","background-image":"","background-repeat":"repeat","background-position":"center center","background-size":"auto","background-attachment":"scroll","background-type":"","background-media":"","overlay-type":"","overlay-color":"","overlay-opacity":"","overlay-gradient":""},"mobile":{"background-color":"","background-image":"","background-repeat":"repeat","background-position":"center center","background-size":"auto","background-attachment":"scroll","background-type":"","background-media":"","overlay-type":"","overlay-color":"","overlay-opacity":"","overlay-gradient":""}},"ast-content-background-meta":{"desktop":{"background-color":"var(--ast-global-color-4)","background-image":"","background-repeat":"repeat","background-position":"center center","background-size":"auto","background-attachment":"scroll","background-type":"","background-media":"","overlay-type":"","overlay-color":"","overlay-opacity":"","overlay-gradient":""},"tablet":{"background-color":"var(--ast-global-color-4)","background-image":"","background-repeat":"repeat","background-position":"center center","background-size":"auto","background-attachment":"scroll","background-type":"","background-media":"","overlay-type":"","overlay-color":"","overlay-opacity":"","overlay-gradient":""},"mobile":{"background-color":"var(--ast-global-color-4)","background-image":"","background-repeat":"repeat","background-position":"center center","background-size":"auto","background-attachment":"scroll","background-type":"","background-media":"","overlay-type":"","overlay-color":"","overlay-opacity":"","overlay-gradient":""}}},"product_brand":[404],"product_cat":[401],"product_tag":[286],"class_list":{"0":"post-17044","1":"product","2":"type-product","3":"status-publish","5":"product_brand-bc","6":"product_cat-sweats-sudadera-cuello-redondo","7":"product_tag-algodonpoliester","8":"desktop-align-center","9":"tablet-align-left","10":"mobile-align-left","12":"first","13":"instock","14":"shipping-taxable","15":"purchasable","16":"product-type-simple"},"_links":{"self":[{"href":"https:\/\/moda.cositascostura.com\/ccwork\/wp-json\/wp\/v2\/product\/17044","targetHints":{"allow":["GET"]}}],"collection":[{"href":"https:\/\/moda.cositascostura.com\/ccwork\/wp-json\/wp\/v2\/product"}],"about":[{"href":"https:\/\/moda.cositascostura.com\/ccwork\/wp-json\/wp\/v2\/types\/product"}],"replies":[{"embeddable":true,"href":"https:\/\/moda.cositascostura.com\/ccwork\/wp-json\/wp\/v2\/comments?post=17044"}],"wp:attachment":[{"href":"https:\/\/moda.cositascostura.com\/ccwork\/wp-json\/wp\/v2\/media?parent=17044"}],"wp:term":[{"taxonomy":"product_brand","embeddable":true,"href":"https:\/\/moda.cositascostura.com\/ccwork\/wp-json\/wp\/v2\/product_brand?post=17044"},{"taxonomy":"product_cat","embeddable":true,"href":"https:\/\/moda.cositascostura.com\/ccwork\/wp-json\/wp\/v2\/product_cat?post=17044"},{"taxonomy":"product_tag","embeddable":true,"href":"https:\/\/moda.cositascostura.com\/ccwork\/wp-json\/wp\/v2\/product_tag?post=17044"}],"curies":[{"name":"wp","href":"https:\/\/api.w.org\/{rel}","templated":true}]}}