{"id":19815,"date":"2026-05-10T02:22:42","date_gmt":"2026-05-10T01:22:42","guid":{"rendered":"https:\/\/moda.cositascostura.com\/ccwork\/tienda\/sin categor\u00eda\/abrigo-acolchado-hombre-4\/"},"modified":"2026-05-10T02:22:42","modified_gmt":"2026-05-10T01:22:42","slug":"abrigo-acolchado-hombre-4","status":"publish","type":"product","link":"https:\/\/moda.cositascostura.com\/ccwork\/tienda\/chaquetas-chaqueta-acolchada\/abrigo-acolchado-hombre-4\/","title":{"rendered":"Abrigo acolchado hombre"},"content":{"rendered":"<p>100% poli\u00e9ster 290T. Relleno interior: 100% poli\u00e9ster. Forro: 100% poli\u00e9ster 290T a tono. Corte recto. Cuello alto. Dos bolsillos laterales con forro de 290T, cremalleras de nylon y tiradores a tono. Dos bolsillos interiores. Cremallera de nylon a tono con protector para la barbilla y tirador. Acolchado horizontal. Banda de acolchado m\u00e1s ancha de 11 cm en la parte delantera y de 14,5 cm en la parte trasera, lo que facilita la personalizaci\u00f3n. Acabado con ribete el\u00e1stico a tono en el bajo de las mangas y de la prenda. Trabilla para colgar en el interior del cuello. Producto comprimible en su bolsa de almacenamiento. Etiqueta de marca extra\u00edble.  Relleno inyectado: el gramaje puede variar seg\u00fan las zonas de la prenda. El peso total es orientativo.<\/p>\n","protected":false},"excerpt":{"rendered":"<p>100% poli\u00e9ster 290T. Relleno interior: 100% poli\u00e9ster. Forro: 100% poli\u00e9ster 290T a tono. Corte recto. Cuello alto. Dos bolsillos laterales [&hellip;]<\/p>\n","protected":false},"featured_media":0,"comment_status":"open","ping_status":"closed","template":"","meta":{"site-sidebar-layout":"default","site-content-layout":"","ast-site-content-layout":"default","site-content-style":"default","site-sidebar-style":"default","ast-global-header-display":"","ast-banner-title-visibility":"","ast-main-header-display":"","ast-hfb-above-header-display":"","ast-hfb-below-header-display":"","ast-hfb-mobile-header-display":"","site-post-title":"","ast-breadcrumbs-content":"","ast-featured-img":"","footer-sml-layout":"","ast-disable-related-posts":"","theme-transparent-header-meta":"","adv-header-id-meta":"","stick-header-meta":"","header-above-stick-meta":"","header-main-stick-meta":"","header-below-stick-meta":"","astra-migrate-meta-layouts":"default","ast-page-background-enabled":"default","ast-page-background-meta":{"desktop":{"background-color":"var(--ast-global-color-5)","background-image":"","background-repeat":"repeat","background-position":"center center","background-size":"auto","background-attachment":"scroll","background-type":"","background-media":"","overlay-type":"","overlay-color":"","overlay-opacity":"","overlay-gradient":""},"tablet":{"background-color":"","background-image":"","background-repeat":"repeat","background-position":"center center","background-size":"auto","background-attachment":"scroll","background-type":"","background-media":"","overlay-type":"","overlay-color":"","overlay-opacity":"","overlay-gradient":""},"mobile":{"background-color":"","background-image":"","background-repeat":"repeat","background-position":"center center","background-size":"auto","background-attachment":"scroll","background-type":"","background-media":"","overlay-type":"","overlay-color":"","overlay-opacity":"","overlay-gradient":""}},"ast-content-background-meta":{"desktop":{"background-color":"var(--ast-global-color-4)","background-image":"","background-repeat":"repeat","background-position":"center center","background-size":"auto","background-attachment":"scroll","background-type":"","background-media":"","overlay-type":"","overlay-color":"","overlay-opacity":"","overlay-gradient":""},"tablet":{"background-color":"var(--ast-global-color-4)","background-image":"","background-repeat":"repeat","background-position":"center center","background-size":"auto","background-attachment":"scroll","background-type":"","background-media":"","overlay-type":"","overlay-color":"","overlay-opacity":"","overlay-gradient":""},"mobile":{"background-color":"var(--ast-global-color-4)","background-image":"","background-repeat":"repeat","background-position":"center center","background-size":"auto","background-attachment":"scroll","background-type":"","background-media":"","overlay-type":"","overlay-color":"","overlay-opacity":"","overlay-gradient":""}}},"product_brand":[727],"product_cat":[729],"product_tag":[264],"class_list":{"0":"post-19815","1":"product","2":"type-product","3":"status-publish","5":"product_brand-ideal-basic-brand","6":"product_cat-chaquetas-chaqueta-acolchada","7":"product_tag-100-poliester","8":"desktop-align-center","9":"tablet-align-left","10":"mobile-align-left","12":"first","13":"instock","14":"shipping-taxable","15":"purchasable","16":"product-type-simple"},"_links":{"self":[{"href":"https:\/\/moda.cositascostura.com\/ccwork\/wp-json\/wp\/v2\/product\/19815","targetHints":{"allow":["GET"]}}],"collection":[{"href":"https:\/\/moda.cositascostura.com\/ccwork\/wp-json\/wp\/v2\/product"}],"about":[{"href":"https:\/\/moda.cositascostura.com\/ccwork\/wp-json\/wp\/v2\/types\/product"}],"replies":[{"embeddable":true,"href":"https:\/\/moda.cositascostura.com\/ccwork\/wp-json\/wp\/v2\/comments?post=19815"}],"wp:attachment":[{"href":"https:\/\/moda.cositascostura.com\/ccwork\/wp-json\/wp\/v2\/media?parent=19815"}],"wp:term":[{"taxonomy":"product_brand","embeddable":true,"href":"https:\/\/moda.cositascostura.com\/ccwork\/wp-json\/wp\/v2\/product_brand?post=19815"},{"taxonomy":"product_cat","embeddable":true,"href":"https:\/\/moda.cositascostura.com\/ccwork\/wp-json\/wp\/v2\/product_cat?post=19815"},{"taxonomy":"product_tag","embeddable":true,"href":"https:\/\/moda.cositascostura.com\/ccwork\/wp-json\/wp\/v2\/product_tag?post=19815"}],"curies":[{"name":"wp","href":"https:\/\/api.w.org\/{rel}","templated":true}]}}